  {"id":293058,"date":"2025-06-05T10:45:22","date_gmt":"2025-06-05T09:45:22","guid":{"rendered":"https:\/\/www.burohappold.com\/?page_id=293058"},"modified":"2025-06-05T11:05:58","modified_gmt":"2025-06-05T10:05:58","slug":"impressum","status":"publish","type":"page","link":"https:\/\/www.burohappold.com\/de\/impressum\/","title":{"rendered":"Impressum"},"content":{"rendered":"\n<div style=\"height:50px\" aria-hidden=\"true\" class=\"wp-block-spacer\"><\/div>\n\n\n\n<section class=\"alignfull alignfull bh-block-section bh-block-section--animate bh-block-section--is-height-default\"><div class=\"bh-block-section__wrapper\">\n<h1 class=\"wp-block-heading is-style-section-title\" id=\"h-impressum\" style=\"text-transform:none\">Impressum<\/h1>\n\n\n\n<div style=\"height:50px\" aria-hidden=\"true\" class=\"wp-block-spacer\"><\/div>\n\n\n\n<div class=\"wp-block-columns alignfull is-layout-flex wp-container-core-columns-is-layout-28f84493 wp-block-columns-is-layout-flex\">\n<div class=\"wp-block-column is-layout-flow wp-block-column-is-layout-flow\" style=\"padding-right:0;padding-left:0;flex-basis:90%\">\n<p>海角视频 Ltd.<\/p>\n\n\n\n<p>vertreten durch Oliver Plunkett<\/p>\n\n\n\n<p style=\"text-decoration:underline\"><a href=\"https:\/\/www.bing.com\/ck\/a?!&amp;&amp;p=200b4a102c28587cdc559ad79bf6b43f6be7dbfa806fe3d7d817ec27de2b9d74JmltdHM9MTc0Nzc4NTYwMA&amp;ptn=3&amp;ver=2&amp;hsh=4&amp;fclid=2da7cade-57a1-68aa-0a14-de08560d6952&amp;u=a1L21hcHM_Jm1lcGk9MTA5fn5Ub3BPZlBhZ2V-QWRkcmVzc19MaW5rJnR5PTE4JnE9QnVybyUyMEhhcHBvbGQmc3M9eXBpZC5ZTjEwMjl4MTE4Mzg2MzcwNjA4OTA5ODYxOTMmcHBvaXM9NTEuMzc4MTczODI4MTI1Xy0yLjM2MzgxNjQ5OTcxMDA4M19CdXJvJTIwSGFwcG9sZF9ZTjEwMjl4MTE4Mzg2MzcwNjA4OTA5ODYxOTN-JmNwPTUxLjM3ODE3NH4tMi4zNjM4MTYmdj0yJnNWPTEmRk9STT1NUFNSUEw&amp;ntb=1\" target=\"_blank\" rel=\"noreferrer noopener\">Camden Mill,<\/a><\/p>\n\n\n\n<p>230 Lower Bristol Road,<\/p>\n\n\n\n<p>Bath BA2 3DQ<\/p>\n\n\n\n<p>Registration number \u2013 2049511<\/p>\n\n\n\n<p>T: +44 1225 320 600<\/p>\n\n\n\n<p>E: bathatburohappold.com<\/p>\n\n\n\n<p><strong>Berufsbezeichnung und berufsrechtliche Regelungen<\/strong><\/p>\n\n\n\n<p>海角视频 Ltd. \u2013 Engineering &amp; Consulting<\/p>\n\n\n\n<p><strong>Zust\u00e4ndige Kammer:<\/strong><\/p>\n\n\n\n<p>Engineering Council UK<\/p>\n\n\n\n<p>10 Lower Thames Street<br>London EC3R 6EN<br>United Kingdom<\/p>\n\n\n\n<p>Verliehen in:<\/p>\n\n\n\n<p>United Kingdom<\/p>\n\n\n\n<p><strong>Verbraucherstreitbeilegung\/Universalschlichtungsstelle<\/strong><\/p>\n\n\n\n<p>Wir sind nicht bereit oder verpflichtet, an Streitbeilegungsverfahren vor einer Verbraucherschlichtungsstelle teilzunehmen.<\/p>\n\n\n\n<p><strong>Haftungsausschluss (Disclaimer) Haftung f\u00fcr Inhalte<\/strong><\/p>\n\n\n\n<p>Als Diensteanbieter sind wir f\u00fcr eigene Inhalte auf diesen Seiten nach den allgemeinen Gesetzen verantwortlich. Wir als Diensteanbieter sind jedoch nicht verpflichtet \u00fcbermittelte oder gespeicherte fremde Informationen zu \u00fcberwachen oder nach Umst\u00e4nden zu forschen die auf eine rechtswidrige T\u00e4tigkeit hinweisen.<\/p>\n\n\n\n<p>Verpflichtungen zur Entfernung oder Sperrung der Nutzung von Informationen nach den allgemeinen Gesetzen bleiben hiervon unber\u00fchrt. Eine diesbez\u00fcgliche Haftung ist jedoch erst ab dem Zeitpunkt der Kenntnis einer konkreten Rechtsverletzung m\u00f6glich. Bei Bekanntwerden von entsprechenden Rechtsverletzungen werden wir diese Inhalte umgehend entfernen.<\/p>\n\n\n\n<p><strong>Haftung f\u00fcr Links<\/strong><\/p>\n\n\n\n<p>Unser Angebot enth\u00e4lt Links zu externen Webseiten Dritter, auf deren Inhalte wir keinen Einfluss haben. Deshalb k\u00f6nnen wir f\u00fcr diese fremden Inhalte auch keine Gew\u00e4hr \u00fcbernehmen. F\u00fcr die Inhalte der verlinkten Seiten ist stets der jeweilige Anbieter oder Betreiber der Seiten verantwortlich. Die verlinkten Seiten wurden zum Zeitpunkt der Verlinkung auf m\u00f6gliche Rechtsverst\u00f6\u00dfe \u00fcberpr\u00fcft. Rechtswidrige Inhalte waren zum Zeitpunkt der Verlinkung nicht erkennbar.<\/p>\n\n\n\n<p>Eine permanente inhaltliche Kontrolle der verlinkten Seiten ist jedoch ohne konkrete Anhaltspunkte einer Rechtsverletzung nicht zumutbar. Bei Bekanntwerden von Rechtsverletzungen werden wir derartige Links umgehend entfernen.<\/p>\n\n\n\n<p><strong>Urheberrecht<\/strong><\/p>\n\n\n\n<p>Die durch die Seitenbetreiber erstellten Inhalte und Werke auf diesen Seiten unterliegen dem Urheberrecht. Die Vervielf\u00e4ltigung, Bearbeitung, Verbreitung und jede Art der Verwertung au\u00dferhalb der Grenzen des Urheberrechtes bed\u00fcrfen der schriftlichen Zustimmung des jeweiligen Autors bzw. Erstellers. Downloads und Kopien dieser Seite sind nur f\u00fcr den privaten, nicht kommerziellen Gebrauch gestattet.<\/p>\n\n\n\n<p>Soweit die Inhalte auf dieser Seite nicht vom Betreiber erstellt wurden, werden die Urheberrechte Dritter beachtet. Insbesondere werden Inhalte Dritter als solche gekennzeichnet. Sollten Sie trotzdem auf eine Urheberrechtsverletzung aufmerksam werden, bitten wir um einen entsprechenden Hinweis. Bei Bekanntwerden von Rechtsverletzungen werden wir derartige Inhalte umgehend entfernen.<\/p>\n<\/div>\n<\/div>\n\n\n\n<p><\/p>\n<\/div><\/section>\n","protected":false},"excerpt":{"rendered":"","protected":false},"author":13120,"featured_media":0,"parent":0,"menu_order":0,"comment_status":"closed","ping_status":"closed","template":"","meta":{"_acf_changed":false,"oa_id":"","ignore_from_typesense_search":false,"footnotes":""},"tags":[],"region":[],"location":[],"class_list":["post-293058","page","type-page","status-publish","hentry"],"acf":[],"yoast_head":"<!-- This site is optimized with the Yoast SEO Premium plugin v25.4 (Yoast SEO v26.5) - https:\/\/yoast.com\/wordpress\/plugins\/seo\/ -->\n<title>Impressum - 海角视频<\/title>\n<meta name=\"robots\" content=\"index, follow, max-snippet:-1, max-image-preview:large, max-video-preview:-1\" \/>\n<link rel=\"canonical\" href=\"https:\/\/www.burohappold.com\/de\/impressum\/\" \/>\n<meta property=\"og:locale\" content=\"de_DE\" \/>\n<meta property=\"og:type\" content=\"article\" \/>\n<meta property=\"og:title\" content=\"Impressum\" \/>\n<meta property=\"og:url\" content=\"https:\/\/www.burohappold.com\/de\/impressum\/\" \/>\n<meta property=\"og:site_name\" content=\"海角视频\" \/>\n<meta property=\"article:publisher\" content=\"https:\/\/www.facebook.com\/burohappoldengineering\" \/>\n<meta property=\"article:modified_time\" content=\"2025-06-05T10:05:58+00:00\" \/>\n<meta name=\"twitter:card\" content=\"summary_large_image\" \/>\n<meta name=\"twitter:label1\" content=\"Est. reading time\" \/>\n\t<meta name=\"twitter:data1\" content=\"2 Minuten\" \/>\n<script type=\"application\/ld+json\" class=\"yoast-schema-graph\">{\"@context\":\"https:\/\/schema.org\",\"@graph\":[{\"@type\":\"WebPage\",\"@id\":\"https:\/\/www.burohappold.com\/de\/impressum\/\",\"url\":\"https:\/\/www.burohappold.com\/de\/impressum\/\",\"name\":\"Impressum - 海角视频\",\"isPartOf\":{\"@id\":\"https:\/\/www.burohappold.com\/#website\"},\"datePublished\":\"2025-06-05T09:45:22+00:00\",\"dateModified\":\"2025-06-05T10:05:58+00:00\",\"breadcrumb\":{\"@id\":\"https:\/\/www.burohappold.com\/de\/impressum\/#breadcrumb\"},\"inLanguage\":\"de-DE\",\"potentialAction\":[{\"@type\":\"ReadAction\",\"target\":[\"https:\/\/www.burohappold.com\/de\/impressum\/\"]}]},{\"@type\":\"BreadcrumbList\",\"@id\":\"https:\/\/www.burohappold.com\/de\/impressum\/#breadcrumb\",\"itemListElement\":[{\"@type\":\"ListItem\",\"position\":1,\"name\":\"Home\",\"item\":\"https:\/\/www.burohappold.com\/\"},{\"@type\":\"ListItem\",\"position\":2,\"name\":\"Impressum\"}]},{\"@type\":\"WebSite\",\"@id\":\"https:\/\/www.burohappold.com\/#website\",\"url\":\"https:\/\/www.burohappold.com\/\",\"name\":\"海角视频\",\"description\":\"International engineers, consultants and advisors\",\"publisher\":{\"@id\":\"https:\/\/www.burohappold.com\/#organization\"},\"potentialAction\":[{\"@type\":\"SearchAction\",\"target\":{\"@type\":\"EntryPoint\",\"urlTemplate\":\"https:\/\/www.burohappold.com\/?s={search_term_string}\"},\"query-input\":{\"@type\":\"PropertyValueSpecification\",\"valueRequired\":true,\"valueName\":\"search_term_string\"}}],\"inLanguage\":\"de-DE\"},{\"@type\":\"Organization\",\"@id\":\"https:\/\/www.burohappold.com\/#organization\",\"name\":\"海角视频\",\"url\":\"https:\/\/www.burohappold.com\/\",\"logo\":{\"@type\":\"ImageObject\",\"inLanguage\":\"de-DE\",\"@id\":\"https:\/\/www.burohappold.com\/#\/schema\/logo\/image\/\",\"url\":\"https:\/\/www.burohappold.com\/wp-content\/uploads\/2020\/05\/Buro_海角视频_2020-Logo_RGB-transparent.png\",\"contentUrl\":\"https:\/\/www.burohappold.com\/wp-content\/uploads\/2020\/05\/Buro_海角视频_2020-Logo_RGB-transparent.png\",\"width\":267,\"height\":60,\"caption\":\"海角视频\"},\"image\":{\"@id\":\"https:\/\/www.burohappold.com\/#\/schema\/logo\/image\/\"},\"sameAs\":[\"https:\/\/www.facebook.com\/burohappoldengineering\",\"https:\/\/www.instagram.com\/buro_happold\/\",\"https:\/\/www.linkedin.com\/company\/buro-happold\/\",\"https:\/\/www.youtube.com\/burohappold\"]}]}<\/script>\n<!-- \/ Yoast SEO Premium plugin. -->","yoast_head_json":{"title":"Impressum - 海角视频","robots":{"index":"index","follow":"follow","max-snippet":"max-snippet:-1","max-image-preview":"max-image-preview:large","max-video-preview":"max-video-preview:-1"},"canonical":"https:\/\/www.burohappold.com\/de\/impressum\/","og_locale":"de_DE","og_type":"article","og_title":"Impressum","og_url":"https:\/\/www.burohappold.com\/de\/impressum\/","og_site_name":"海角视频","article_publisher":"https:\/\/www.facebook.com\/burohappoldengineering","article_modified_time":"2025-06-05T10:05:58+00:00","twitter_card":"summary_large_image","twitter_misc":{"Est. reading time":"2 Minuten"},"schema":{"@context":"https:\/\/schema.org","@graph":[{"@type":"WebPage","@id":"https:\/\/www.burohappold.com\/de\/impressum\/","url":"https:\/\/www.burohappold.com\/de\/impressum\/","name":"Impressum - 海角视频","isPartOf":{"@id":"https:\/\/www.burohappold.com\/#website"},"datePublished":"2025-06-05T09:45:22+00:00","dateModified":"2025-06-05T10:05:58+00:00","breadcrumb":{"@id":"https:\/\/www.burohappold.com\/de\/impressum\/#breadcrumb"},"inLanguage":"de-DE","potentialAction":[{"@type":"ReadAction","target":["https:\/\/www.burohappold.com\/de\/impressum\/"]}]},{"@type":"BreadcrumbList","@id":"https:\/\/www.burohappold.com\/de\/impressum\/#breadcrumb","itemListElement":[{"@type":"ListItem","position":1,"name":"Home","item":"https:\/\/www.burohappold.com\/"},{"@type":"ListItem","position":2,"name":"Impressum"}]},{"@type":"WebSite","@id":"https:\/\/www.burohappold.com\/#website","url":"https:\/\/www.burohappold.com\/","name":"海角视频","description":"International engineers, consultants and advisors","publisher":{"@id":"https:\/\/www.burohappold.com\/#organization"},"potentialAction":[{"@type":"SearchAction","target":{"@type":"EntryPoint","urlTemplate":"https:\/\/www.burohappold.com\/?s={search_term_string}"},"query-input":{"@type":"PropertyValueSpecification","valueRequired":true,"valueName":"search_term_string"}}],"inLanguage":"de-DE"},{"@type":"Organization","@id":"https:\/\/www.burohappold.com\/#organization","name":"海角视频","url":"https:\/\/www.burohappold.com\/","logo":{"@type":"ImageObject","inLanguage":"de-DE","@id":"https:\/\/www.burohappold.com\/#\/schema\/logo\/image\/","url":"https:\/\/www.burohappold.com\/wp-content\/uploads\/2020\/05\/Buro_海角视频_2020-Logo_RGB-transparent.png","contentUrl":"https:\/\/www.burohappold.com\/wp-content\/uploads\/2020\/05\/Buro_海角视频_2020-Logo_RGB-transparent.png","width":267,"height":60,"caption":"海角视频"},"image":{"@id":"https:\/\/www.burohappold.com\/#\/schema\/logo\/image\/"},"sameAs":["https:\/\/www.facebook.com\/burohappoldengineering","https:\/\/www.instagram.com\/buro_happold\/","https:\/\/www.linkedin.com\/company\/buro-happold\/","https:\/\/www.youtube.com\/burohappold"]}]}},"_links":{"self":[{"href":"https:\/\/www.burohappold.com\/de\/wp-json\/wp\/v2\/pages\/293058","targetHints":{"allow":["GET"]}}],"collection":[{"href":"https:\/\/www.burohappold.com\/de\/wp-json\/wp\/v2\/pages"}],"about":[{"href":"https:\/\/www.burohappold.com\/de\/wp-json\/wp\/v2\/types\/page"}],"author":[{"embeddable":true,"href":"https:\/\/www.burohappold.com\/de\/wp-json\/wp\/v2\/users\/13120"}],"replies":[{"embeddable":true,"href":"https:\/\/www.burohappold.com\/de\/wp-json\/wp\/v2\/comments?post=293058"}],"version-history":[{"count":1,"href":"https:\/\/www.burohappold.com\/de\/wp-json\/wp\/v2\/pages\/293058\/revisions"}],"predecessor-version":[{"id":293059,"href":"https:\/\/www.burohappold.com\/de\/wp-json\/wp\/v2\/pages\/293058\/revisions\/293059"}],"wp:attachment":[{"href":"https:\/\/www.burohappold.com\/de\/wp-json\/wp\/v2\/media?parent=293058"}],"wp:term":[{"taxonomy":"post_tag","embeddable":true,"href":"https:\/\/www.burohappold.com\/de\/wp-json\/wp\/v2\/tags?post=293058"},{"taxonomy":"region","embeddable":true,"href":"https:\/\/www.burohappold.com\/de\/wp-json\/wp\/v2\/region?post=293058"},{"taxonomy":"location","embeddable":true,"href":"https:\/\/www.burohappold.com\/de\/wp-json\/wp\/v2\/location?post=293058"}],"curies":[{"name":"wp","href":"https:\/\/api.w.org\/{rel}","templated":true}]}}